{"id":6868,"date":"2022-03-14T08:44:01","date_gmt":"2022-03-14T07:44:01","guid":{"rendered":"https:\/\/www.baboen.be\/feestmateriaal\/"},"modified":"2022-08-11T17:01:11","modified_gmt":"2022-08-11T15:01:11","slug":"materiel-de-fete","status":"publish","type":"page","link":"https:\/\/www.baboen.be\/fr\/materiel-de-fete\/","title":{"rendered":"Mat\u00e9riel de f\u00eate"},"content":{"rendered":"\t\t<div data-elementor-type=\"wp-page\" data-elementor-id=\"6868\" class=\"elementor elementor-6868 elementor-5934\">\n\t\t\t\t\t\t\t\t\t<section class=\"elementor-section elementor-top-section elementor-element elementor-element-955c66f elementor-section-boxed elementor-section-height-default elementor-section-height-default\" data-id=\"955c66f\" data-element_type=\"section\">\n\t\t\t\t\t\t<div class=\"elementor-container elementor-column-gap-default\">\n\t\t\t\t\t<div class=\"elementor-column elementor-col-100 elementor-top-column elementor-element elementor-element-323051f\" data-id=\"323051f\" data-element_type=\"column\">\n\t\t\t<div class=\"elementor-widget-wrap elementor-element-populated\">\n\t\t\t\t\t\t\t\t<div class=\"elementor-element elementor-element-b9da7db elementor-widget elementor-widget-spacer\" data-id=\"b9da7db\" data-element_type=\"widget\" data-widget_type=\"spacer.default\">\n\t\t\t\t<div class=\"elementor-widget-container\">\n\t\t\t<style>\/*! elementor - v3.10.0 - 09-01-2023 *\/\n.elementor-column .elementor-spacer-inner{height:var(--spacer-size)}.e-con{--container-widget-width:100%}.e-con-inner>.elementor-widget-spacer,.e-con>.elementor-widget-spacer{width:var(--container-widget-width,var(--spacer-size));--align-self:var(--container-widget-align-self,initial);--flex-shrink:0}.e-con-inner>.elementor-widget-spacer>.elementor-widget-container,.e-con-inner>.elementor-widget-spacer>.elementor-widget-container>.elementor-spacer,.e-con>.elementor-widget-spacer>.elementor-widget-container,.e-con>.elementor-widget-spacer>.elementor-widget-container>.elementor-spacer{height:100%}.e-con-inner>.elementor-widget-spacer>.elementor-widget-container>.elementor-spacer>.elementor-spacer-inner,.e-con>.elementor-widget-spacer>.elementor-widget-container>.elementor-spacer>.elementor-spacer-inner{height:var(--container-widget-height,var(--spacer-size))}<\/style>\t\t<div class=\"elementor-spacer\">\n\t\t\t<div class=\"elementor-spacer-inner\"><\/div>\n\t\t<\/div>\n\t\t\t\t<\/div>\n\t\t\t\t<\/div>\n\t\t\t\t<div class=\"elementor-element elementor-element-d3f606e acenter divider_yes elementor-widget elementor-widget-wgl-double-heading\" data-id=\"d3f606e\" data-element_type=\"widget\" data-widget_type=\"wgl-double-heading.default\">\n\t\t\t\t<div class=\"elementor-widget-container\">\n\t\t\t<div class=\"wgl-double-heading\"><div class=\"dblh__subtitle\"><span>Always Great<\/span><\/div><h3 class=\"dblh__title-wrapper\"><span class=\"dblh__title dblh__title-1\">Mat\u00e9riel de f\u00eate<\/span><\/h3><span class=\"dblh__divider\"><span><\/span><\/span><\/div>\t\t<\/div>\n\t\t\t\t<\/div>\n\t\t\t\t<div class=\"elementor-element elementor-element-7521955 elementor-widget elementor-widget-spacer\" data-id=\"7521955\" data-element_type=\"widget\" data-widget_type=\"spacer.default\">\n\t\t\t\t<div class=\"elementor-widget-container\">\n\t\t\t\t\t<div class=\"elementor-spacer\">\n\t\t\t<div class=\"elementor-spacer-inner\"><\/div>\n\t\t<\/div>\n\t\t\t\t<\/div>\n\t\t\t\t<\/div>\n\t\t\t\t\t<\/div>\n\t\t<\/div>\n\t\t\t\t\t\t\t<\/div>\n\t\t<\/section>\n\t\t\t\t<section class=\"elementor-section elementor-top-section elementor-element elementor-element-3adf89b elementor-section-boxed elementor-section-height-default elementor-section-height-default\" data-id=\"3adf89b\" data-element_type=\"section\">\n\t\t\t\t\t\t<div class=\"elementor-container elementor-column-gap-default\">\n\t\t\t\t\t<div class=\"elementor-column elementor-col-100 elementor-top-column elementor-element elementor-element-2d80378\" data-id=\"2d80378\" data-element_type=\"column\">\n\t\t\t<div class=\"elementor-widget-wrap elementor-element-populated\">\n\t\t\t\t\t\t\t\t<div class=\"elementor-element elementor-element-c656b7a elementor-widget elementor-widget-wgl-portfolio\" data-id=\"c656b7a\" data-element_type=\"widget\" data-widget_type=\"wgl-portfolio.default\">\n\t\t\t\t<div class=\"elementor-widget-container\">\n\t\t\t<section class=\"wgl_cpt_section\"><div class=\"wgl-portfolio\" id=\"portfolio_module_69f1ef66d1c73\"><div class=\"wgl-filter_wrapper portfolio__filter isotope-filter filter-center\"><div class=\"wgl-filter_swiper_wrapper\"><div class=\"swiper-wrapper\"><a href=\"#\" data-filter=\".portfolio__item\" class=\"swiper-slide active\">All<span class=\"filter_counter\"><\/span><\/a><a class=\"swiper-slide\" href=\"https:\/\/www.baboen.be\/fr\/portfolio-category\/chaises\/\" data-filter=\".chaises\">Chaises<span class=\"filter_counter\"><\/span><\/a><a class=\"swiper-slide\" href=\"https:\/\/www.baboen.be\/fr\/portfolio-category\/chauffages\/\" data-filter=\".chauffages\">Chauffages<span class=\"filter_counter\"><\/span><\/a><a class=\"swiper-slide\" href=\"https:\/\/www.baboen.be\/fr\/portfolio-category\/tables\/\" data-filter=\".tables\">Tables<span class=\"filter_counter\"><\/span><\/a><a class=\"swiper-slide\" href=\"https:\/\/www.baboen.be\/fr\/portfolio-category\/tentes-etoiles\/\" data-filter=\".tentes-etoiles\">Tentes \u00e9toiles<span class=\"filter_counter\"><\/span><\/a><a class=\"swiper-slide\" href=\"https:\/\/www.baboen.be\/fr\/portfolio-category\/tentes-pliantes\/\" data-filter=\".tentes-pliantes\">Tentes pliantes<span class=\"filter_counter\"><\/span><\/a><\/div><\/div><\/div><div class=\"wgl-portfolio_wrapper\"><div class=\"wgl-portfolio_container container-grid row appear-animation anim-fade-in isotope masonry-4\"  style=\"margin-right: -15px;margin-left: -15px;margin-bottom: -30px;\"><div class=\"pf_item_size\" style=\"width: 25%;\"><\/div><article class=\"portfolio__item item tables\"  style=\"padding: 0 15px 30px;\"><div class=\"item__wrapper description_inside_image animation_simple\"><div class=\"item__image\"><img decoding=\"async\" src=\"https:\/\/www.baboen.be\/wp-content\/uploads\/2022\/03\/tafel-1m83-1140x570.png\" alt=\"\" style=\"margin-top: -15px;\"><\/div><div class=\"item__description\"><div class=\"description__wrapper\"><div class=\"item__title\"><h4 class=\"title\"><span>Table 1m83<\/span><\/h4><\/div><div class=\"description_content\"><div class=\"content\">9 eur<\/div><\/div><\/div><\/div><div class=\"overlay\"><\/div><\/div><\/article><article class=\"portfolio__item item tables\"  style=\"padding: 0 15px 30px;\"><div class=\"item__wrapper description_inside_image animation_simple\"><div class=\"item__image\"><img decoding=\"async\" src=\"https:\/\/www.baboen.be\/wp-content\/uploads\/2022\/03\/tafel-1m22-540x540.png\" alt=\"\"><\/div><div class=\"item__description\"><div class=\"description__wrapper\"><div class=\"item__title\"><h4 class=\"title\"><span>Table 1m22<\/span><\/h4><\/div><\/div><\/div><div class=\"overlay\"><\/div><\/div><\/article><article class=\"portfolio__item item chaises\"  style=\"padding: 0 15px 30px;\"><div class=\"item__wrapper description_inside_image animation_simple\"><div class=\"item__image\"><img decoding=\"async\" src=\"https:\/\/www.baboen.be\/wp-content\/uploads\/2022\/03\/Stoel-zonder-armleuningen-540x540.png\" alt=\"\"><\/div><div class=\"item__description\"><div class=\"description__wrapper\"><div class=\"item__title\"><h4 class=\"title\"><span>Chaise sans accoudoirs<\/span><\/h4><\/div><div class=\"description_content\"><div class=\"content\">6 eur<\/div><\/div><\/div><\/div><div class=\"overlay\"><\/div><\/div><\/article><article class=\"portfolio__item item chauffages\"  style=\"padding: 0 15px 30px;\"><div class=\"item__wrapper description_inside_image animation_simple\"><div class=\"item__image\"><img decoding=\"async\" src=\"https:\/\/www.baboen.be\/wp-content\/uploads\/2025\/01\/staande-elektrische-terrasverwarmer-lighthouse-2100-black-540x540.jpg\" alt=\"\"><\/div><div class=\"item__description\"><div class=\"description__wrapper\"><div class=\"item__title\"><h4 class=\"title\"><span>Chauffe-terrasse infrarouge<\/span><\/h4><\/div><div class=\"description_content\"><div class=\"content\">45 eur<\/div><\/div><\/div><\/div><div class=\"overlay\"><\/div><\/div><\/article><article class=\"portfolio__item item tables\"  style=\"padding: 0 15px 30px;\"><div class=\"item__wrapper description_inside_image animation_simple\"><div class=\"item__image\"><img decoding=\"async\" src=\"https:\/\/www.baboen.be\/wp-content\/uploads\/2022\/03\/tafel-rond-1m52-540x540.png\" alt=\"\"><\/div><div class=\"item__description\"><div class=\"description__wrapper\"><div class=\"item__title\"><h4 class=\"title\"><span>Table ronde 1m52<\/span><\/h4><\/div><div class=\"description_content\"><div class=\"content\">9.5 euro<\/div><\/div><\/div><\/div><div class=\"overlay\"><\/div><\/div><\/article><article class=\"portfolio__item item tables\"  style=\"padding: 0 15px 30px;\"><div class=\"item__wrapper description_inside_image animation_simple\"><div class=\"item__image\"><img decoding=\"async\" src=\"https:\/\/www.baboen.be\/wp-content\/uploads\/2022\/03\/tafel-rond-1m83-1140x570.png\" alt=\"ronde tafel\" style=\"margin-top: -15px;\"><\/div><div class=\"item__description\"><div class=\"description__wrapper\"><div class=\"item__title\"><h4 class=\"title\"><span>Table ronde 1m83<\/span><\/h4><\/div><div class=\"description_content\"><div class=\"content\">12 eur<\/div><\/div><\/div><\/div><div class=\"overlay\"><\/div><\/div><\/article><article class=\"portfolio__item item tables\"  style=\"padding: 0 15px 30px;\"><div class=\"item__wrapper description_inside_image animation_simple\"><div class=\"item__image\"><img decoding=\"async\" src=\"https:\/\/www.baboen.be\/wp-content\/uploads\/2022\/03\/statafel-receptietafel-1140x570.png\" alt=\"statafel receptietafel\" style=\"margin-top: -15px;\"><\/div><div class=\"item__description\"><div class=\"description__wrapper\"><div class=\"item__title\"><h4 class=\"title\"><span>Table debout<\/span><\/h4><\/div><div class=\"description_content\"><div class=\"content\">15 eur<\/div><\/div><\/div><\/div><div class=\"overlay\"><\/div><\/div><\/article><article class=\"portfolio__item item chaises\"  style=\"padding: 0 15px 30px;\"><div class=\"item__wrapper description_inside_image animation_simple\"><div class=\"item__image\"><img decoding=\"async\" src=\"https:\/\/www.baboen.be\/wp-content\/uploads\/2022\/03\/Klapstoel-540x540.png\" alt=\"plooistoel\"><\/div><div class=\"item__description\"><div class=\"description__wrapper\"><div class=\"item__title\"><h4 class=\"title\"><span>Chaise pliante<\/span><\/h4><\/div><\/div><\/div><div class=\"overlay\"><\/div><\/div><\/article><article class=\"portfolio__item item chauffages\"  style=\"padding: 0 15px 30px;\"><div class=\"item__wrapper description_inside_image animation_simple\"><div class=\"item__image\"><img decoding=\"async\" src=\"https:\/\/www.baboen.be\/wp-content\/uploads\/2022\/03\/Habitat-1-540x540.jpg\" alt=\"\"><\/div><div class=\"item__description\"><div class=\"description__wrapper\"><div class=\"item__title\"><h4 class=\"title\"><span>Chauffe terrasse gaz<\/span><\/h4><\/div><div class=\"description_content\"><div class=\"content\">70 eur<\/div><\/div><\/div><\/div><div class=\"overlay\"><\/div><\/div><\/article><\/div><\/div><div class=\"clear\"><\/div><div class=\"text-center load_more_wrapper\"><div class=\"infinity_item\"><span class=\"wgl-ellipsis\"><span><\/span><span><\/span><span><\/span><span><\/span><\/span><\/div><form class=\"posts_grid_ajax\"><input type='hidden' class='ajax_data' name='69f1ef66db078_ajax_data' value='{&quot;number_of_posts&quot;:9,&quot;order&quot;:&quot;ASC&quot;,&quot;show_filter&quot;:&quot;yes&quot;,&quot;remainings_loading_type&quot;:&quot;infinite&quot;,&quot;appear_animation_enabled&quot;:&quot;yes&quot;,&quot;thubmnail_overlay_hover_background&quot;:&quot;classic&quot;,&quot;thubmnail_overlay_hover_color&quot;:&quot;#0E1317CC&quot;,&quot;taxonomies&quot;:[&quot;portfolio_tag:tenten&quot;],&quot;exclude_taxonomies&quot;:&quot;yes&quot;,&quot;remainings_loading_btn_items_amount&quot;:20,&quot;layout&quot;:&quot;masonry-4&quot;,&quot;show_content&quot;:&quot;yes&quot;,&quot;description_position&quot;:&quot;inside_image&quot;,&quot;grid_gap&quot;:30,&quot;filter_alignment&quot;:&quot;center&quot;,&quot;appear_animation_style&quot;:&quot;fade-in&quot;,&quot;show_portfolio_title&quot;:&quot;yes&quot;,&quot;content_letter_count&quot;:85,&quot;description_animation&quot;:&quot;simple&quot;,&quot;description_alignment&quot;:&quot;center&quot;,&quot;order_by&quot;:&quot;date&quot;,&quot;filter_cats_margin&quot;:{&quot;unit&quot;:&quot;px&quot;,&quot;top&quot;:&quot;&quot;,&quot;right&quot;:&quot;&quot;,&quot;bottom&quot;:&quot;&quot;,&quot;left&quot;:&quot;&quot;,&quot;isLinked&quot;:true},&quot;filter_cats_padding&quot;:{&quot;unit&quot;:&quot;px&quot;,&quot;top&quot;:&quot;&quot;,&quot;right&quot;:&quot;&quot;,&quot;bottom&quot;:&quot;&quot;,&quot;left&quot;:&quot;&quot;,&quot;isLinked&quot;:true},&quot;filter_cats_radius&quot;:{&quot;unit&quot;:&quot;px&quot;,&quot;top&quot;:&quot;&quot;,&quot;right&quot;:&quot;&quot;,&quot;bottom&quot;:&quot;&quot;,&quot;left&quot;:&quot;&quot;,&quot;isLinked&quot;:true},&quot;images_grayscale_idle&quot;:{&quot;unit&quot;:&quot;px&quot;,&quot;size&quot;:&quot;&quot;,&quot;sizes&quot;:[]},&quot;images_grayscale_hover&quot;:{&quot;unit&quot;:&quot;px&quot;,&quot;size&quot;:&quot;&quot;,&quot;sizes&quot;:[]},&quot;thubmnail_overlay_hover_image&quot;:{&quot;url&quot;:&quot;&quot;,&quot;id&quot;:&quot;&quot;},&quot;description_padding&quot;:{&quot;unit&quot;:&quot;px&quot;,&quot;top&quot;:&quot;&quot;,&quot;right&quot;:&quot;&quot;,&quot;bottom&quot;:&quot;&quot;,&quot;left&quot;:&quot;&quot;,&quot;isLinked&quot;:true},&quot;description_radius&quot;:{&quot;unit&quot;:&quot;px&quot;,&quot;top&quot;:&quot;&quot;,&quot;right&quot;:&quot;&quot;,&quot;bottom&quot;:&quot;&quot;,&quot;left&quot;:&quot;&quot;,&quot;isLinked&quot;:true},&quot;headings_padding&quot;:{&quot;unit&quot;:&quot;px&quot;,&quot;top&quot;:&quot;&quot;,&quot;right&quot;:&quot;&quot;,&quot;bottom&quot;:&quot;&quot;,&quot;left&quot;:&quot;&quot;,&quot;isLinked&quot;:true},&quot;_margin&quot;:{&quot;unit&quot;:&quot;px&quot;,&quot;top&quot;:&quot;&quot;,&quot;right&quot;:&quot;&quot;,&quot;bottom&quot;:&quot;&quot;,&quot;left&quot;:&quot;&quot;,&quot;isLinked&quot;:true},&quot;_padding&quot;:{&quot;unit&quot;:&quot;px&quot;,&quot;top&quot;:&quot;&quot;,&quot;right&quot;:&quot;&quot;,&quot;bottom&quot;:&quot;&quot;,&quot;left&quot;:&quot;&quot;,&quot;isLinked&quot;:true},&quot;_transform_keep_proportions&quot;:&quot;yes&quot;,&quot;_transform_keep_proportions_hover&quot;:&quot;yes&quot;,&quot;_transform_transition_hover&quot;:{&quot;unit&quot;:&quot;px&quot;,&quot;size&quot;:&quot;&quot;,&quot;sizes&quot;:[]},&quot;_background_hover_transition&quot;:{&quot;unit&quot;:&quot;px&quot;,&quot;size&quot;:&quot;&quot;,&quot;sizes&quot;:[]},&quot;_border_radius&quot;:{&quot;unit&quot;:&quot;px&quot;,&quot;top&quot;:&quot;&quot;,&quot;right&quot;:&quot;&quot;,&quot;bottom&quot;:&quot;&quot;,&quot;left&quot;:&quot;&quot;,&quot;isLinked&quot;:true},&quot;_border_radius_hover&quot;:{&quot;unit&quot;:&quot;px&quot;,&quot;top&quot;:&quot;&quot;,&quot;right&quot;:&quot;&quot;,&quot;bottom&quot;:&quot;&quot;,&quot;left&quot;:&quot;&quot;,&quot;isLinked&quot;:true},&quot;_border_hover_transition&quot;:{&quot;unit&quot;:&quot;px&quot;,&quot;size&quot;:&quot;&quot;,&quot;sizes&quot;:[]},&quot;module_id&quot;:&quot;portfolio_module_69f1ef66d1c73&quot;,&quot;query_args&quot;:{&quot;post_status&quot;:&quot;publish&quot;,&quot;posts_per_page&quot;:9,&quot;order&quot;:&quot;ASC&quot;,&quot;orderby&quot;:&quot;date&quot;,&quot;tax_query&quot;:{&quot;relation&quot;:&quot;AND&quot;,&quot;0&quot;:{&quot;field&quot;:&quot;slug&quot;,&quot;taxonomy&quot;:&quot;portfolio_tag&quot;,&quot;terms&quot;:[&quot;tenten&quot;],&quot;operator&quot;:&quot;NOT IN&quot;}},&quot;paged&quot;:1,&quot;post_type&quot;:&quot;portfolio&quot;},&quot;post_count&quot;:9,&quot;found_posts&quot;:16,&quot;masonry_post_index&quot;:3}' \/><\/form><\/div><\/div><\/section>\t\t<\/div>\n\t\t\t\t<\/div>\n\t\t\t\t<div class=\"elementor-element elementor-element-6b47e56 elementor-widget elementor-widget-spacer\" data-id=\"6b47e56\" data-element_type=\"widget\" data-widget_type=\"spacer.default\">\n\t\t\t\t<div class=\"elementor-widget-container\">\n\t\t\t\t\t<div class=\"elementor-spacer\">\n\t\t\t<div class=\"elementor-spacer-inner\"><\/div>\n\t\t<\/div>\n\t\t\t\t<\/div>\n\t\t\t\t<\/div>\n\t\t\t\t\t<\/div>\n\t\t<\/div>\n\t\t\t\t\t\t\t<\/div>\n\t\t<\/section>\n\t\t\t\t\t\t\t<\/div>\n\t\t","protected":false},"excerpt":{"rendered":"<p>Always Great Mat\u00e9riel de f\u00eate AllTentes \u00e9toilesTentes pliantes Chaise molle 6 Euro<\/p>\n","protected":false},"author":1,"featured_media":6667,"parent":0,"menu_order":0,"comment_status":"closed","ping_status":"closed","template":"","meta":{"footnotes":""},"class_list":["post-6868","page","type-page","status-publish","has-post-thumbnail","hentry"],"_links":{"self":[{"href":"https:\/\/www.baboen.be\/fr\/wp-json\/wp\/v2\/pages\/6868"}],"collection":[{"href":"https:\/\/www.baboen.be\/fr\/wp-json\/wp\/v2\/pages"}],"about":[{"href":"https:\/\/www.baboen.be\/fr\/wp-json\/wp\/v2\/types\/page"}],"author":[{"embeddable":true,"href":"https:\/\/www.baboen.be\/fr\/wp-json\/wp\/v2\/users\/1"}],"replies":[{"embeddable":true,"href":"https:\/\/www.baboen.be\/fr\/wp-json\/wp\/v2\/comments?post=6868"}],"version-history":[{"count":5,"href":"https:\/\/www.baboen.be\/fr\/wp-json\/wp\/v2\/pages\/6868\/revisions"}],"predecessor-version":[{"id":8242,"href":"https:\/\/www.baboen.be\/fr\/wp-json\/wp\/v2\/pages\/6868\/revisions\/8242"}],"wp:featuredmedia":[{"embeddable":true,"href":"https:\/\/www.baboen.be\/fr\/wp-json\/wp\/v2\/media\/6667"}],"wp:attachment":[{"href":"https:\/\/www.baboen.be\/fr\/wp-json\/wp\/v2\/media?parent=6868"}],"curies":[{"name":"wp","href":"https:\/\/api.w.org\/{rel}","templated":true}]}}